{"id":72,"date":"2013-03-01T10:52:22","date_gmt":"2013-03-01T08:52:22","guid":{"rendered":"http:\/\/farhat-export.com\/?page_id=72"},"modified":"2019-11-07T12:53:40","modified_gmt":"2019-11-07T10:53:40","slug":"impressum","status":"publish","type":"page","link":"https:\/\/farhat-export.com\/fr\/impressum\/","title":{"rendered":"Impressum"},"content":{"rendered":"<p><!-- [if gte mso 9]&gt;--><\/p>\n<p><!-- [if gte mso 9]&gt;--><\/p>\n<p>FARHAT GmbH<\/p>\n<p>Vieh- und Fleischgro\u00dfhandel<\/p>\n<p>Kirchweg 11 D<\/p>\n<p>02708 L\u00f6bau<\/p>\n<p>Allemange<\/p>\n<p>&nbsp;<\/p>\n<p>T\u00e9l\u00e9phone:\u00a0\u00a0\u00a0\u00a0 +49 3585 402158<\/p>\n<p>Fax:\u00a0\u00a0\u00a0\u00a0\u00a0\u00a0\u00a0\u00a0\u00a0\u00a0\u00a0\u00a0\u00a0\u00a0\u00a0\u00a0 +49 35876 469337<\/p>\n<p>Portable:\u00a0\u00a0\u00a0\u00a0\u00a0\u00a0\u00a0 +49 172 3535966<\/p>\n<p>e-mail:\u00a0\u00a0\u00a0\u00a0\u00a0\u00a0\u00a0\u00a0\u00a0\u00a0\u00a0\u00a0 info@farhat-export.com<\/p>\n<p>&nbsp;<\/p>\n<p>Gesch\u00e4ftsf\u00fchrer: Dipl. Ing. Youssef Farhat<\/p>\n<p>&nbsp;<\/p>\n<p>Amtsgericht Dresden, HRB 24349<\/p>\n<p>USt-IdNr.: DE 248537464<\/p>\n<p>Steuernummer: 208\/108\/03372<\/p>\n<p>&nbsp;<\/p>\n<p>&nbsp;<\/p>\n<p><!-- [if gte mso 9]&gt;--><\/p>\n<p><!-- [if gte mso 9]&gt;--><\/p>\n","protected":false},"excerpt":{"rendered":"<p>FARHAT GmbH Vieh- und Fleischgro\u00dfhandel Kirchweg 11 D 02708 L\u00f6bau Allemange &nbsp; T\u00e9l\u00e9phone:\u00a0\u00a0\u00a0\u00a0 +49 3585 402158 Fax:\u00a0\u00a0\u00a0\u00a0\u00a0\u00a0\u00a0\u00a0\u00a0\u00a0\u00a0\u00a0\u00a0\u00a0\u00a0\u00a0 +49 35876 469337 Portable:\u00a0\u00a0\u00a0\u00a0\u00a0\u00a0\u00a0 +49 172 3535966 e-mail:\u00a0\u00a0\u00a0\u00a0\u00a0\u00a0\u00a0\u00a0\u00a0\u00a0\u00a0\u00a0 info@farhat-export.com &nbsp; Gesch\u00e4ftsf\u00fchrer: Dipl. Ing. Youssef Farhat &nbsp; Amtsgericht Dresden, HRB 24349 USt-IdNr.: DE 248537464 Steuernummer: 208\/108\/03372 &nbsp; &nbsp;<\/p>\n","protected":false},"author":2,"featured_media":0,"parent":0,"menu_order":11,"comment_status":"open","ping_status":"open","template":"","meta":[],"_links":{"self":[{"href":"https:\/\/farhat-export.com\/fr\/wp-json\/wp\/v2\/pages\/72"}],"collection":[{"href":"https:\/\/farhat-export.com\/fr\/wp-json\/wp\/v2\/pages"}],"about":[{"href":"https:\/\/farhat-export.com\/fr\/wp-json\/wp\/v2\/types\/page"}],"author":[{"embeddable":true,"href":"https:\/\/farhat-export.com\/fr\/wp-json\/wp\/v2\/users\/2"}],"replies":[{"embeddable":true,"href":"https:\/\/farhat-export.com\/fr\/wp-json\/wp\/v2\/comments?post=72"}],"version-history":[{"count":10,"href":"https:\/\/farhat-export.com\/fr\/wp-json\/wp\/v2\/pages\/72\/revisions"}],"predecessor-version":[{"id":980,"href":"https:\/\/farhat-export.com\/fr\/wp-json\/wp\/v2\/pages\/72\/revisions\/980"}],"wp:attachment":[{"href":"https:\/\/farhat-export.com\/fr\/wp-json\/wp\/v2\/media?parent=72"}],"curies":[{"name":"wp","href":"https:\/\/api.w.org\/{rel}","templated":true}]}}