{"id":75,"date":"2013-03-01T10:53:04","date_gmt":"2013-03-01T08:53:04","guid":{"rendered":"http:\/\/farhat-export.com\/?page_id=75"},"modified":"2019-11-07T12:58:36","modified_gmt":"2019-11-07T10:58:36","slug":"kontakt","status":"publish","type":"page","link":"https:\/\/farhat-export.com\/fr\/kontakt\/","title":{"rendered":"Contact"},"content":{"rendered":"<p><strong>Farhat GmbH<\/strong><br \/>\nCommerce de b\u00e9tail et de viande<br \/>\nKirchweg 11D<br \/>\nD-02708 L\u00f6bau<\/p>\n<p>T\u00e9l\u00e9phone:\u00a0\u00a0\u00a0\u00a0 +49 3585 402158<\/p>\n<p>Fax:\u00a0\u00a0\u00a0\u00a0\u00a0\u00a0\u00a0\u00a0\u00a0\u00a0\u00a0\u00a0\u00a0\u00a0\u00a0\u00a0 +49 35876 469337<\/p>\n<p>Portable:\u00a0\u00a0\u00a0\u00a0\u00a0\u00a0\u00a0 +49 172 3535966<\/p>\n<p>e-mail:\u00a0\u00a0\u00a0\u00a0\u00a0\u00a0\u00a0\u00a0\u00a0\u00a0\u00a0\u00a0 info@farhat-export.com<\/p>\n<div role=\"form\" class=\"wpcf7\" id=\"wpcf7-f126-o1\" lang=\"en-US\" dir=\"ltr\">\n<div class=\"screen-reader-response\"><\/div>\n<form action=\"\/fr\/wp-json\/wp\/v2\/pages\/75#wpcf7-f126-o1\" method=\"post\" class=\"wpcf7-form\" novalidate=\"novalidate\">\n<div style=\"display: none;\">\n<input type=\"hidden\" name=\"_wpcf7\" value=\"126\" \/>\n<input type=\"hidden\" name=\"_wpcf7_version\" value=\"5.1.4\" \/>\n<input type=\"hidden\" name=\"_wpcf7_locale\" value=\"en_US\" \/>\n<input type=\"hidden\" name=\"_wpcf7_unit_tag\" value=\"wpcf7-f126-o1\" \/>\n<input type=\"hidden\" name=\"_wpcf7_container_post\" value=\"0\" \/>\n<\/div>\n<p style=\"width:100%;\">Titre<br ><br \/>\n    <span class=\"wpcf7-form-control-wrap anrede\"><span class=\"wpcf7-form-control wpcf7-radio\"><span class=\"wpcf7-list-item first\"><input type=\"radio\" name=\"anrede\" value=\"Soci\u00e9t\u00e9\" \/><span class=\"wpcf7-list-item-label\">Soci\u00e9t\u00e9<\/span><\/span><span class=\"wpcf7-list-item\"><input type=\"radio\" name=\"anrede\" value=\"Monsieur\" \/><span class=\"wpcf7-list-item-label\">Monsieur<\/span><\/span><span class=\"wpcf7-list-item last\"><input type=\"radio\" name=\"anrede\" value=\"Madame\" \/><span class=\"wpcf7-list-item-label\">Madame<\/span><\/span><\/span><\/span><\/p>\n<p>Votre nom*<br \/>\n    <span class=\"wpcf7-form-control-wrap your-name\"><input type=\"text\" name=\"your-name\" value=\"\" size=\"40\" class=\"wpcf7-form-control wpcf7-text wpcf7-validates-as-required\" aria-required=\"true\" aria-invalid=\"false\" \/><\/span> <\/p>\n<p>Telefon<br \/>\n    <span class=\"wpcf7-form-control-wrap telefon\"><input type=\"text\" name=\"telefon\" value=\"\" size=\"40\" class=\"wpcf7-form-control wpcf7-text\" aria-invalid=\"false\" \/><\/span> <\/p>\n<p>Votre  e-mail*<br \/>\n    <span class=\"wpcf7-form-control-wrap your-email\"><input type=\"email\" name=\"your-email\" value=\"\" size=\"40\" class=\"wpcf7-form-control wpcf7-text wpcf7-email wpcf7-validates-as-required wpcf7-validates-as-email\" aria-required=\"true\" aria-invalid=\"false\" \/><\/span> <\/p>\n<p>Votre demande d'informations concerne <br \/>\n    <span class=\"wpcf7-form-control-wrap your-subject\"><input type=\"text\" name=\"your-subject\" value=\"\" size=\"40\" class=\"wpcf7-form-control wpcf7-text\" aria-invalid=\"false\" \/><\/span> <\/p>\n<p>Envoyer<br \/>\n    <span class=\"wpcf7-form-control-wrap your-message\"><textarea name=\"your-message\" cols=\"40\" rows=\"10\" class=\"wpcf7-form-control wpcf7-textarea\" aria-invalid=\"false\"><\/textarea><\/span> <\/p>\n<p><input type=\"submit\" value=\"Envoyer\" class=\"wpcf7-form-control wpcf7-submit button\" \/><input type=\"reset\" class=\"button\" value=\"Retour\"><\/p>\n<div class=\"wpcf7-response-output wpcf7-display-none\"><\/div><\/form><\/div>\n","protected":false},"excerpt":{"rendered":"<p>Farhat GmbH Commerce de b\u00e9tail et de viande Kirchweg 11D D-02708 L\u00f6bau T\u00e9l\u00e9phone:\u00a0\u00a0\u00a0\u00a0 +49 3585 402158 Fax:\u00a0\u00a0\u00a0\u00a0\u00a0\u00a0\u00a0\u00a0\u00a0\u00a0\u00a0\u00a0\u00a0\u00a0\u00a0\u00a0 +49 35876 469337 Portable:\u00a0\u00a0\u00a0\u00a0\u00a0\u00a0\u00a0 +49 172 3535966 e-mail:\u00a0\u00a0\u00a0\u00a0\u00a0\u00a0\u00a0\u00a0\u00a0\u00a0\u00a0\u00a0 info@farhat-export.com<\/p>\n","protected":false},"author":2,"featured_media":0,"parent":0,"menu_order":10,"comment_status":"open","ping_status":"open","template":"","meta":[],"_links":{"self":[{"href":"https:\/\/farhat-export.com\/fr\/wp-json\/wp\/v2\/pages\/75"}],"collection":[{"href":"https:\/\/farhat-export.com\/fr\/wp-json\/wp\/v2\/pages"}],"about":[{"href":"https:\/\/farhat-export.com\/fr\/wp-json\/wp\/v2\/types\/page"}],"author":[{"embeddable":true,"href":"https:\/\/farhat-export.com\/fr\/wp-json\/wp\/v2\/users\/2"}],"replies":[{"embeddable":true,"href":"https:\/\/farhat-export.com\/fr\/wp-json\/wp\/v2\/comments?post=75"}],"version-history":[{"count":8,"href":"https:\/\/farhat-export.com\/fr\/wp-json\/wp\/v2\/pages\/75\/revisions"}],"predecessor-version":[{"id":982,"href":"https:\/\/farhat-export.com\/fr\/wp-json\/wp\/v2\/pages\/75\/revisions\/982"}],"wp:attachment":[{"href":"https:\/\/farhat-export.com\/fr\/wp-json\/wp\/v2\/media?parent=75"}],"curies":[{"name":"wp","href":"https:\/\/api.w.org\/{rel}","templated":true}]}}